{"id":1109,"date":"2024-11-30T04:28:03","date_gmt":"2024-11-30T04:28:03","guid":{"rendered":"https:\/\/patagoniarebeldeweb.com.ar\/?page_id=1109"},"modified":"2024-12-01T19:20:44","modified_gmt":"2024-12-01T19:20:44","slug":"telefonos-utiles","status":"publish","type":"page","link":"https:\/\/patagoniarebeldeweb.com.ar\/?page_id=1109","title":{"rendered":"TEL\u00c9FONOS \u00daTILES"},"content":{"rendered":"\n<p><\/p>\n\n\n\n<p>Importante! El c\u00f3digo telef\u00f3nico de la ciudad es (0237). Desde el exterior deber\u00e1 marcar (+ 54) (237) y el n\u00famero telef\u00f3nico correspondiente.<\/p>\n\n\n\n<h4 class=\"wp-block-heading\"><strong><mark style=\"background-color:rgba(0, 0, 0, 0)\" class=\"has-inline-color has-vivid-cyan-blue-color\">BOMBEROS VOLUNTARIOS<\/mark><\/strong><\/h4>\n\n\n\n<p>Avellaneda 764<\/p>\n\n\n\n<p>Tel: 100 \/ (0237) 484-2222<br><\/p>\n\n\n\n<h4 class=\"wp-block-heading\"><strong><mark style=\"background-color:rgba(0, 0, 0, 0)\" class=\"has-inline-color has-vivid-cyan-blue-color\">COMISAR\u00cdA 1era.<\/mark><\/strong><\/h4>\n\n\n\n<p>Av. Espa\u00f1a 201 esq. 2 de Abril<\/p>\n\n\n\n<p>Tel: (0237) 484-0000\/3398 \u00f3 485-2222<br><\/p>\n\n\n\n<h4 class=\"wp-block-heading\"><strong><mark style=\"background-color:rgba(0, 0, 0, 0)\" class=\"has-inline-color has-vivid-cyan-blue-color\">COMISAR\u00cdA 2da.<\/mark><\/strong><\/h4>\n\n\n\n<p>Sargento Cabral y Almafuerte<\/p>\n\n\n\n<p>Tel:(0237) 484-1521\/3301\/3302<br><\/p>\n\n\n\n<h4 class=\"wp-block-heading\"><strong><mark style=\"background-color:rgba(0, 0, 0, 0)\" class=\"has-inline-color has-vivid-cyan-blue-color\">HOSPITAL PROVINCIAL &#8220;VICENTE L\u00d3PEZ Y PLANES&#8221;<\/mark><\/strong><\/h4>\n\n\n\n<p>Tel: (0237) 484-0022\/0023\/0323\/0432<br><\/p>\n\n\n\n<h4 class=\"wp-block-heading\"><strong><mark style=\"background-color:rgba(0, 0, 0, 0)\" class=\"has-inline-color has-vivid-cyan-blue-color\">HOSPITAL NACIONAL &#8220;DR. BALDOMERO SOMMER&#8221;<\/mark><\/strong><\/h4>\n\n\n\n<p>Ruta 24 Km. 23,5.<\/p>\n\n\n\n<p>Tel: (0237) 405-0800<br><\/p>\n\n\n\n<h4 class=\"wp-block-heading\"><strong><mark style=\"background-color:rgba(0, 0, 0, 0)\" class=\"has-inline-color has-vivid-cyan-blue-color\">MUNICIPALIDAD<\/mark><\/strong><\/h4>\n\n\n\n<p>2 de Abril 756 &#8211; Lunes a Viernes de 8 a 14hs<\/p>\n\n\n\n<p>Tel: (0237) 484-0123\/1276\/1300\/1482\/3414\/3415\/4829<br><\/p>\n\n\n\n<h4 class=\"wp-block-heading\"><strong><mark style=\"background-color:rgba(0, 0, 0, 0)\" class=\"has-inline-color has-vivid-cyan-blue-color\">DELEGACION MUNICIPAL MALVINAS<\/mark><\/strong><\/h4>\n\n\n\n<p>S. Cabral 669 &#8211; Lunes a Viernes de 7 a 13 hs<\/p>\n\n\n\n<p>Tel: (0237) 484-1332<br><\/p>\n\n\n\n<h4 class=\"wp-block-heading\"><strong><mark style=\"background-color:rgba(0, 0, 0, 0)\" class=\"has-inline-color has-vivid-cyan-blue-color\">CENTRO CULTURAL MUNICIPAL<\/mark><\/strong><\/h4>\n\n\n\n<p>Alem y 25 de Mayo. Lunes a Viernes de 8 a 14 hs<\/p>\n\n\n\n<p>Tel: 484-3273<br><\/p>\n\n\n\n<h4 class=\"wp-block-heading\"><strong><mark style=\"background-color:rgba(0, 0, 0, 0)\" class=\"has-inline-color has-vivid-cyan-blue-color\">DIRECCI\u00d3N P. DE REGISTRO DE PERSONAS<\/mark><\/strong><\/h4>\n\n\n\n<p>Int. Manny 813 &#8211; Lunes a viernes de 8 a13 hs<\/p>\n\n\n\n<p>Tel: (0237) 484-1579<br><\/p>\n\n\n\n<h4 class=\"wp-block-heading\"><strong><mark style=\"background-color:rgba(0, 0, 0, 0)\" class=\"has-inline-color has-vivid-cyan-blue-color\">DIRECCI\u00d3N GENERAL DE RENTAS<\/mark><\/strong><\/h4>\n\n\n\n<p>Presidente Per\u00f3n 67<\/p>\n\n\n\n<p>Tel: (0237)484-2281. Horarios de Lunes a Viernes de 8 a 15 hs.<br><\/p>\n\n\n\n<h4 class=\"wp-block-heading\"><strong><mark style=\"background-color:rgba(0, 0, 0, 0)\" class=\"has-inline-color has-vivid-cyan-blue-color\">ANSES<\/mark><\/strong><\/h4>\n\n\n\n<p>Alte. Brown 52 &#8211; Horario de atenci\u00f3n: de 8 a 14 hs.<\/p>\n\n\n\n<p>Tel: (0237) 484-3265<br><\/p>\n\n\n\n<h4 class=\"wp-block-heading\"><strong><mark style=\"background-color:rgba(0, 0, 0, 0)\" class=\"has-inline-color has-vivid-cyan-blue-color\">AGUA CORRIENTE (ASBA)<\/mark><\/strong><\/h4>\n\n\n\n<p>Cherubini esq. Independencia<\/p>\n\n\n\n<p>Tel: (0237) 484-0210 \u00f3 0800 333 2422<br><\/p>\n\n\n\n<h4 class=\"wp-block-heading\"><strong><mark style=\"background-color:rgba(0, 0, 0, 0)\" class=\"has-inline-color has-vivid-cyan-blue-color\">CENTRO PREVENTIVO ASISTENCIAL de ADICCIONES<\/mark><\/strong><\/h4>\n\n\n\n<p>Dr. Sargento Cabral 328 &#8211; Las Malvinas<\/p>\n\n\n\n<p>Horario de 9 a 14 hs. &#8211; Atenci\u00f3n Gratuita.<br><\/p>\n\n\n\n<h4 class=\"wp-block-heading\"><strong><mark style=\"background-color:rgba(0, 0, 0, 0)\" class=\"has-inline-color has-vivid-cyan-blue-color\">BIBLIOTECA &#8220;E. CAD\u00cdCAMO&#8221; Y MUSEO &#8220;BDO. DE IRIGOYEN&#8221;<\/mark><\/strong><\/h4>\n\n\n\n<p>Sarmiento 518<\/p>\n\n\n\n<p>Horarios de Lunes a Viernes de 8 a 14 hs.<br><\/p>\n\n\n\n<h4 class=\"wp-block-heading\"><strong><mark style=\"background-color:rgba(0, 0, 0, 0)\" class=\"has-inline-color has-vivid-cyan-blue-color\">CONSEJO ESCOLAR<\/mark><\/strong><\/h4>\n\n\n\n<p>Sarmiento 1052<\/p>\n\n\n\n<p>Horario de 8 a 12 horas. Tel: (0237) 485-2225 o (0237) 484-1219<br><\/p>\n\n\n\n<h4 class=\"wp-block-heading\"><strong><mark style=\"background-color:rgba(0, 0, 0, 0)\" class=\"has-inline-color has-vivid-cyan-blue-color\">POLIDEPORTIVO Oficina:<\/mark><\/strong><\/h4>\n\n\n\n<p>Alem y Dr. R. Carrillo<\/p>\n\n\n\n<p>Horarios de Lunes a Viernes de 7.30 a 13.30 hs. &#8211; Tel.: (0237) 484-0866<\/p>\n","protected":false},"excerpt":{"rendered":"<p>Importante! El c\u00f3digo telef\u00f3nico de la ciudad es (0237). Desde el exterior deber\u00e1 marcar (+&#8230;<\/p>\n","protected":false},"author":1,"featured_media":0,"parent":0,"menu_order":0,"comment_status":"closed","ping_status":"closed","template":"","meta":{"footnotes":""},"class_list":["post-1109","page","type-page","status-publish","hentry"],"yoast_head":"<!-- This site is optimized with the Yoast SEO plugin v27.2 - https:\/\/yoast.com\/product\/yoast-seo-wordpress\/ -->\n<title>Patagonia Rebelde Web | Tel\u00e9fonos \u00fatiles<\/title>\n<meta name=\"description\" content=\"En nuestro sitio podr\u00e1 obtener todos los tel\u00e9fonos \u00fatiles de General Rodr\u00edguez\" \/>\n<meta name=\"robots\" content=\"index, follow, max-snippet:-1, max-image-preview:large, max-video-preview:-1\" \/>\n<link rel=\"canonical\" href=\"https:\/\/patagoniarebeldeweb.com.ar\/?page_id=1109\" \/>\n<meta property=\"og:locale\" content=\"es_ES\" \/>\n<meta property=\"og:type\" content=\"article\" \/>\n<meta property=\"og:title\" content=\"Patagonia Rebelde Web | Tel\u00e9fonos \u00fatiles\" \/>\n<meta property=\"og:description\" content=\"En nuestro sitio podr\u00e1 obtener todos los tel\u00e9fonos \u00fatiles de General Rodr\u00edguez\" \/>\n<meta property=\"og:url\" content=\"https:\/\/patagoniarebeldeweb.com.ar\/?page_id=1109\" \/>\n<meta property=\"og:site_name\" content=\"Patagonia Rebelde\" \/>\n<meta property=\"article:publisher\" content=\"https:\/\/www.facebook.com\/patagoniarebeldeweb\/\" \/>\n<meta property=\"article:modified_time\" content=\"2024-12-01T19:20:44+00:00\" \/>\n<meta property=\"og:image\" content=\"https:\/\/patagoniarebeldeweb.com.ar\/wp-content\/uploads\/2024\/12\/logo-si.png\" \/>\n\t<meta property=\"og:image:width\" content=\"460\" \/>\n\t<meta property=\"og:image:height\" content=\"139\" \/>\n\t<meta property=\"og:image:type\" content=\"image\/png\" \/>\n<meta name=\"twitter:card\" content=\"summary_large_image\" \/>\n<meta name=\"twitter:label1\" content=\"Tiempo de lectura\" \/>\n\t<meta name=\"twitter:data1\" content=\"2 minutos\" \/>\n<script type=\"application\/ld+json\" class=\"yoast-schema-graph\">{\"@context\":\"https:\/\/schema.org\",\"@graph\":[{\"@type\":\"WebPage\",\"@id\":\"https:\/\/patagoniarebeldeweb.com.ar\/?page_id=1109\",\"url\":\"https:\/\/patagoniarebeldeweb.com.ar\/?page_id=1109\",\"name\":\"Patagonia Rebelde Web | Tel\u00e9fonos \u00fatiles\",\"isPartOf\":{\"@id\":\"https:\/\/patagoniarebeldeweb.com.ar\/#website\"},\"datePublished\":\"2024-11-30T04:28:03+00:00\",\"dateModified\":\"2024-12-01T19:20:44+00:00\",\"description\":\"En nuestro sitio podr\u00e1 obtener todos los tel\u00e9fonos \u00fatiles de General Rodr\u00edguez\",\"breadcrumb\":{\"@id\":\"https:\/\/patagoniarebeldeweb.com.ar\/?page_id=1109#breadcrumb\"},\"inLanguage\":\"es-AR\",\"potentialAction\":[{\"@type\":\"ReadAction\",\"target\":[\"https:\/\/patagoniarebeldeweb.com.ar\/?page_id=1109\"]}]},{\"@type\":\"BreadcrumbList\",\"@id\":\"https:\/\/patagoniarebeldeweb.com.ar\/?page_id=1109#breadcrumb\",\"itemListElement\":[{\"@type\":\"ListItem\",\"position\":1,\"name\":\"Portada\",\"item\":\"https:\/\/patagoniarebeldeweb.com.ar\/\"},{\"@type\":\"ListItem\",\"position\":2,\"name\":\"TEL\u00c9FONOS \u00daTILES\"}]},{\"@type\":\"WebSite\",\"@id\":\"https:\/\/patagoniarebeldeweb.com.ar\/#website\",\"url\":\"https:\/\/patagoniarebeldeweb.com.ar\/\",\"name\":\"Patagonia Rebelde\",\"description\":\"Toda la info de General Rodr\u00edguez\",\"publisher\":{\"@id\":\"https:\/\/patagoniarebeldeweb.com.ar\/#organization\"},\"alternateName\":\"Patagonia Rebelde web\",\"potentialAction\":[{\"@type\":\"SearchAction\",\"target\":{\"@type\":\"EntryPoint\",\"urlTemplate\":\"https:\/\/patagoniarebeldeweb.com.ar\/?s={search_term_string}\"},\"query-input\":{\"@type\":\"PropertyValueSpecification\",\"valueRequired\":true,\"valueName\":\"search_term_string\"}}],\"inLanguage\":\"es-AR\"},{\"@type\":\"Organization\",\"@id\":\"https:\/\/patagoniarebeldeweb.com.ar\/#organization\",\"name\":\"Patagonia Rebelde\",\"alternateName\":\"Patagonia Rebelde web\",\"url\":\"https:\/\/patagoniarebeldeweb.com.ar\/\",\"logo\":{\"@type\":\"ImageObject\",\"inLanguage\":\"es-AR\",\"@id\":\"https:\/\/patagoniarebeldeweb.com.ar\/#\/schema\/logo\/image\/\",\"url\":\"https:\/\/patagoniarebeldeweb.com.ar\/wp-content\/uploads\/2024\/11\/logo-si.png\",\"contentUrl\":\"https:\/\/patagoniarebeldeweb.com.ar\/wp-content\/uploads\/2024\/11\/logo-si.png\",\"width\":460,\"height\":139,\"caption\":\"Patagonia Rebelde\"},\"image\":{\"@id\":\"https:\/\/patagoniarebeldeweb.com.ar\/#\/schema\/logo\/image\/\"},\"sameAs\":[\"https:\/\/www.facebook.com\/patagoniarebeldeweb\/\",\"https:\/\/www.youtube.com\/@edgardomiller\"]}]}<\/script>\n<!-- \/ Yoast SEO plugin. -->","yoast_head_json":{"title":"Patagonia Rebelde Web | Tel\u00e9fonos \u00fatiles","description":"En nuestro sitio podr\u00e1 obtener todos los tel\u00e9fonos \u00fatiles de General Rodr\u00edguez","robots":{"index":"index","follow":"follow","max-snippet":"max-snippet:-1","max-image-preview":"max-image-preview:large","max-video-preview":"max-video-preview:-1"},"canonical":"https:\/\/patagoniarebeldeweb.com.ar\/?page_id=1109","og_locale":"es_ES","og_type":"article","og_title":"Patagonia Rebelde Web | Tel\u00e9fonos \u00fatiles","og_description":"En nuestro sitio podr\u00e1 obtener todos los tel\u00e9fonos \u00fatiles de General Rodr\u00edguez","og_url":"https:\/\/patagoniarebeldeweb.com.ar\/?page_id=1109","og_site_name":"Patagonia Rebelde","article_publisher":"https:\/\/www.facebook.com\/patagoniarebeldeweb\/","article_modified_time":"2024-12-01T19:20:44+00:00","og_image":[{"width":460,"height":139,"url":"https:\/\/patagoniarebeldeweb.com.ar\/wp-content\/uploads\/2024\/12\/logo-si.png","type":"image\/png"}],"twitter_card":"summary_large_image","twitter_misc":{"Tiempo de lectura":"2 minutos"},"schema":{"@context":"https:\/\/schema.org","@graph":[{"@type":"WebPage","@id":"https:\/\/patagoniarebeldeweb.com.ar\/?page_id=1109","url":"https:\/\/patagoniarebeldeweb.com.ar\/?page_id=1109","name":"Patagonia Rebelde Web | Tel\u00e9fonos \u00fatiles","isPartOf":{"@id":"https:\/\/patagoniarebeldeweb.com.ar\/#website"},"datePublished":"2024-11-30T04:28:03+00:00","dateModified":"2024-12-01T19:20:44+00:00","description":"En nuestro sitio podr\u00e1 obtener todos los tel\u00e9fonos \u00fatiles de General Rodr\u00edguez","breadcrumb":{"@id":"https:\/\/patagoniarebeldeweb.com.ar\/?page_id=1109#breadcrumb"},"inLanguage":"es-AR","potentialAction":[{"@type":"ReadAction","target":["https:\/\/patagoniarebeldeweb.com.ar\/?page_id=1109"]}]},{"@type":"BreadcrumbList","@id":"https:\/\/patagoniarebeldeweb.com.ar\/?page_id=1109#breadcrumb","itemListElement":[{"@type":"ListItem","position":1,"name":"Portada","item":"https:\/\/patagoniarebeldeweb.com.ar\/"},{"@type":"ListItem","position":2,"name":"TEL\u00c9FONOS \u00daTILES"}]},{"@type":"WebSite","@id":"https:\/\/patagoniarebeldeweb.com.ar\/#website","url":"https:\/\/patagoniarebeldeweb.com.ar\/","name":"Patagonia Rebelde","description":"Toda la info de General Rodr\u00edguez","publisher":{"@id":"https:\/\/patagoniarebeldeweb.com.ar\/#organization"},"alternateName":"Patagonia Rebelde web","potentialAction":[{"@type":"SearchAction","target":{"@type":"EntryPoint","urlTemplate":"https:\/\/patagoniarebeldeweb.com.ar\/?s={search_term_string}"},"query-input":{"@type":"PropertyValueSpecification","valueRequired":true,"valueName":"search_term_string"}}],"inLanguage":"es-AR"},{"@type":"Organization","@id":"https:\/\/patagoniarebeldeweb.com.ar\/#organization","name":"Patagonia Rebelde","alternateName":"Patagonia Rebelde web","url":"https:\/\/patagoniarebeldeweb.com.ar\/","logo":{"@type":"ImageObject","inLanguage":"es-AR","@id":"https:\/\/patagoniarebeldeweb.com.ar\/#\/schema\/logo\/image\/","url":"https:\/\/patagoniarebeldeweb.com.ar\/wp-content\/uploads\/2024\/11\/logo-si.png","contentUrl":"https:\/\/patagoniarebeldeweb.com.ar\/wp-content\/uploads\/2024\/11\/logo-si.png","width":460,"height":139,"caption":"Patagonia Rebelde"},"image":{"@id":"https:\/\/patagoniarebeldeweb.com.ar\/#\/schema\/logo\/image\/"},"sameAs":["https:\/\/www.facebook.com\/patagoniarebeldeweb\/","https:\/\/www.youtube.com\/@edgardomiller"]}]}},"_links":{"self":[{"href":"https:\/\/patagoniarebeldeweb.com.ar\/index.php?rest_route=\/wp\/v2\/pages\/1109","targetHints":{"allow":["GET"]}}],"collection":[{"href":"https:\/\/patagoniarebeldeweb.com.ar\/index.php?rest_route=\/wp\/v2\/pages"}],"about":[{"href":"https:\/\/patagoniarebeldeweb.com.ar\/index.php?rest_route=\/wp\/v2\/types\/page"}],"author":[{"embeddable":true,"href":"https:\/\/patagoniarebeldeweb.com.ar\/index.php?rest_route=\/wp\/v2\/users\/1"}],"replies":[{"embeddable":true,"href":"https:\/\/patagoniarebeldeweb.com.ar\/index.php?rest_route=%2Fwp%2Fv2%2Fcomments&post=1109"}],"version-history":[{"count":4,"href":"https:\/\/patagoniarebeldeweb.com.ar\/index.php?rest_route=\/wp\/v2\/pages\/1109\/revisions"}],"predecessor-version":[{"id":1119,"href":"https:\/\/patagoniarebeldeweb.com.ar\/index.php?rest_route=\/wp\/v2\/pages\/1109\/revisions\/1119"}],"wp:attachment":[{"href":"https:\/\/patagoniarebeldeweb.com.ar\/index.php?rest_route=%2Fwp%2Fv2%2Fmedia&parent=1109"}],"curies":[{"name":"wp","href":"https:\/\/api.w.org\/{rel}","templated":true}]}}